{"id":10,"date":"2015-01-13T01:34:54","date_gmt":"2015-01-13T00:34:54","guid":{"rendered":"http:\/\/domstolarnaskonstochkultur.se\/?page_id=10"},"modified":"2026-05-05T13:17:57","modified_gmt":"2026-05-05T12:17:57","slug":"medlemskap","status":"publish","type":"page","link":"https:\/\/domstolarnaskonstochkultur.se\/?page_id=10","title":{"rendered":"Medlemskap"},"content":{"rendered":"<p>\u00c5rsavgiften \u00e4r f\u00f6r n\u00e4rvarande 400 kr per \u00e5r och medlem. Avgiften betalas direkt till f\u00f6reningen genom ins\u00e4ttning p\u00e5 plusgirokonto 94 10 10 -1, betalningsmottagare Domstolarnas Konst- och kulturf\u00f6rening i G\u00f6teborg. Kom ih\u00e5g att ange ditt namn!<\/p>\n<p>Betalning kan ske vid ett tillf\u00e4lle eller uppdelat p\u00e5 tv\u00e5 eller fyra tillf\u00e4llen. H\u00f6r av dig till kass\u00f6ren om du vill g\u00f6ra delbetalningar. Hela avgiften f\u00f6r \u00e5ret m\u00e5ste vara betald senast den 31 oktober f\u00f6r att du ska delta i utlottningen.<\/p>\n<p>Du blir medlem genom att anm\u00e4la dig till f\u00f6reningens kass\u00f6r med angivande av e-mailadress d\u00e4r du kan n\u00e5s. F\u00f6reningens kass\u00f6r \u00e4r Eva Rice, kontaktuppgift \u00e5terfinns i v\u00e5ra program. Du kan ocks\u00e5 kontakta n\u00e5gon av styrelsens medlemmar f\u00f6r mer information, arbetsplats anges under fliken &#8221;Styrelsen&#8221;.<\/p>\n<p>G\u00f6r slag i saken och bli medlem i f\u00f6reningen!<\/p>\n<p>Id\u00e9er och \u00f6nskem\u00e5l om f\u00f6reningens verksamhet mottas mycket tacksamt.<\/p>\n","protected":false},"excerpt":{"rendered":"<p>\u00c5rsavgiften \u00e4r f\u00f6r n\u00e4rvarande 400 kr per \u00e5r och medlem. Avgiften betalas direkt till f\u00f6reningen genom ins\u00e4ttning p\u00e5 plusgirokonto 94 10 10 -1, betalningsmottagare Domstolarnas Konst- och kulturf\u00f6rening i G\u00f6teborg. Kom ih\u00e5g att ange ditt namn! Betalning kan ske vid ett tillf\u00e4lle eller uppdelat p\u00e5 tv\u00e5 eller fyra tillf\u00e4llen. H\u00f6r av dig till kass\u00f6ren om <a class=\"linkred\" href=\"https:\/\/domstolarnaskonstochkultur.se\/?page_id=10\">[&#8230;more]<\/a><\/p>\n","protected":false},"author":1,"featured_media":0,"parent":0,"menu_order":2,"comment_status":"closed","ping_status":"closed","template":"","meta":[],"_links":{"self":[{"href":"https:\/\/domstolarnaskonstochkultur.se\/index.php?rest_route=\/wp\/v2\/pages\/10"}],"collection":[{"href":"https:\/\/domstolarnaskonstochkultur.se\/index.php?rest_route=\/wp\/v2\/pages"}],"about":[{"href":"https:\/\/domstolarnaskonstochkultur.se\/index.php?rest_route=\/wp\/v2\/types\/page"}],"author":[{"embeddable":true,"href":"https:\/\/domstolarnaskonstochkultur.se\/index.php?rest_route=\/wp\/v2\/users\/1"}],"replies":[{"embeddable":true,"href":"https:\/\/domstolarnaskonstochkultur.se\/index.php?rest_route=%2Fwp%2Fv2%2Fcomments&post=10"}],"version-history":[{"count":11,"href":"https:\/\/domstolarnaskonstochkultur.se\/index.php?rest_route=\/wp\/v2\/pages\/10\/revisions"}],"predecessor-version":[{"id":709,"href":"https:\/\/domstolarnaskonstochkultur.se\/index.php?rest_route=\/wp\/v2\/pages\/10\/revisions\/709"}],"wp:attachment":[{"href":"https:\/\/domstolarnaskonstochkultur.se\/index.php?rest_route=%2Fwp%2Fv2%2Fmedia&parent=10"}],"curies":[{"name":"wp","href":"https:\/\/api.w.org\/{rel}","templated":true}]}}