{"id":12,"date":"2015-01-13T01:35:43","date_gmt":"2015-01-13T00:35:43","guid":{"rendered":"http:\/\/domstolarnaskonstochkultur.se\/?page_id=12"},"modified":"2026-05-05T13:17:57","modified_gmt":"2026-05-05T12:17:57","slug":"om-foreningen","status":"publish","type":"page","link":"https:\/\/domstolarnaskonstochkultur.se\/?page_id=12","title":{"rendered":"Om f\u00f6reningen"},"content":{"rendered":"<p>Domstolarnas Konst- och kulturf\u00f6rening i G\u00f6teborg bildades \u00e5r 1982. F\u00f6reningen v\u00e4nder sig till anst\u00e4llda och tidigare anst\u00e4llda samt n\u00e4mndem\u00e4n vid domstolarna i G\u00f6teborg med omnejd. \u00c4ven anst\u00e4llda vid \u00e5klagarmyndigheten och ekobrottsmyndigheten samt advokater i G\u00f6teborg med omnejd \u00e4r v\u00e4lkomna som medlemmar.<\/p>\n<p>F\u00f6reningen, som mer \u00e4r en kultur- \u00e4n en renodlad konstf\u00f6rening, ordnar flera aktiviteter, s\u00e5som f\u00f6redrag, galleri- eller atelj\u00e9bes\u00f6k och stadsvandringar, varje termin. I slutet av november varje \u00e5r anordnas en konstutlottning med fina vinster.<\/p>\n","protected":false},"excerpt":{"rendered":"<p>Domstolarnas Konst- och kulturf\u00f6rening i G\u00f6teborg bildades \u00e5r 1982. F\u00f6reningen v\u00e4nder sig till anst\u00e4llda och tidigare anst\u00e4llda samt n\u00e4mndem\u00e4n vid domstolarna i G\u00f6teborg med omnejd. \u00c4ven anst\u00e4llda vid \u00e5klagarmyndigheten och ekobrottsmyndigheten samt advokater i G\u00f6teborg med omnejd \u00e4r v\u00e4lkomna som medlemmar. F\u00f6reningen, som mer \u00e4r en kultur- \u00e4n en renodlad konstf\u00f6rening, ordnar flera aktiviteter, s\u00e5som <a class=\"linkred\" href=\"https:\/\/domstolarnaskonstochkultur.se\/?page_id=12\">[&#8230;more]<\/a><\/p>\n","protected":false},"author":1,"featured_media":0,"parent":0,"menu_order":3,"comment_status":"closed","ping_status":"closed","template":"","meta":[],"_links":{"self":[{"href":"https:\/\/domstolarnaskonstochkultur.se\/index.php?rest_route=\/wp\/v2\/pages\/12"}],"collection":[{"href":"https:\/\/domstolarnaskonstochkultur.se\/index.php?rest_route=\/wp\/v2\/pages"}],"about":[{"href":"https:\/\/domstolarnaskonstochkultur.se\/index.php?rest_route=\/wp\/v2\/types\/page"}],"author":[{"embeddable":true,"href":"https:\/\/domstolarnaskonstochkultur.se\/index.php?rest_route=\/wp\/v2\/users\/1"}],"replies":[{"embeddable":true,"href":"https:\/\/domstolarnaskonstochkultur.se\/index.php?rest_route=%2Fwp%2Fv2%2Fcomments&post=12"}],"version-history":[{"count":3,"href":"https:\/\/domstolarnaskonstochkultur.se\/index.php?rest_route=\/wp\/v2\/pages\/12\/revisions"}],"predecessor-version":[{"id":152,"href":"https:\/\/domstolarnaskonstochkultur.se\/index.php?rest_route=\/wp\/v2\/pages\/12\/revisions\/152"}],"wp:attachment":[{"href":"https:\/\/domstolarnaskonstochkultur.se\/index.php?rest_route=%2Fwp%2Fv2%2Fmedia&parent=12"}],"curies":[{"name":"wp","href":"https:\/\/api.w.org\/{rel}","templated":true}]}}