{"id":18,"date":"2015-01-13T01:51:07","date_gmt":"2015-01-13T00:51:07","guid":{"rendered":"http:\/\/domstolarnaskonstochkultur.se\/?page_id=18"},"modified":"2026-05-05T13:17:56","modified_gmt":"2026-05-05T12:17:56","slug":"styrelsen","status":"publish","type":"page","link":"https:\/\/domstolarnaskonstochkultur.se\/?page_id=18","title":{"rendered":"Styrelsen"},"content":{"rendered":"<p>Emma Kvartsberg, ordf\u00f6rande (Hovr\u00e4tten)<\/p>\n<p>Robin Tropp Rom\u00e1n, vice ordf\u00f6rande (Hovr\u00e4tten)<\/p>\n<p>Eva Strandner Rice, kass\u00f6r (N\u00e4mndeman, hovr\u00e4tten)<\/p>\n<p>Ida Damgaard, sekreterare (G\u00f6teborgs tingsr\u00e4tt)<\/p>\n<p>Pelle Schager Stubelius, ledamot (F\u00f6rvaltningsr\u00e4tten i G\u00f6teborg)<\/p>\n<p>Mathilda Rydstern, ledamot (H\u00f6gsta domstolen)<\/p>\n\n\n<p><\/p>\n","protected":false},"excerpt":{"rendered":"<p>Emma Kvartsberg, ordf\u00f6rande (Hovr\u00e4tten) Robin Tropp Rom\u00e1n, vice ordf\u00f6rande (Hovr\u00e4tten) Eva Strandner Rice, kass\u00f6r (N\u00e4mndeman, hovr\u00e4tten) Ida Damgaard, sekreterare (G\u00f6teborgs tingsr\u00e4tt) Pelle Schager Stubelius, ledamot (F\u00f6rvaltningsr\u00e4tten i G\u00f6teborg) Mathilda Rydstern, ledamot (H\u00f6gsta domstolen)<\/p>\n","protected":false},"author":1,"featured_media":0,"parent":0,"menu_order":0,"comment_status":"closed","ping_status":"closed","template":"","meta":[],"_links":{"self":[{"href":"https:\/\/domstolarnaskonstochkultur.se\/index.php?rest_route=\/wp\/v2\/pages\/18"}],"collection":[{"href":"https:\/\/domstolarnaskonstochkultur.se\/index.php?rest_route=\/wp\/v2\/pages"}],"about":[{"href":"https:\/\/domstolarnaskonstochkultur.se\/index.php?rest_route=\/wp\/v2\/types\/page"}],"author":[{"embeddable":true,"href":"https:\/\/domstolarnaskonstochkultur.se\/index.php?rest_route=\/wp\/v2\/users\/1"}],"replies":[{"embeddable":true,"href":"https:\/\/domstolarnaskonstochkultur.se\/index.php?rest_route=%2Fwp%2Fv2%2Fcomments&post=18"}],"version-history":[{"count":21,"href":"https:\/\/domstolarnaskonstochkultur.se\/index.php?rest_route=\/wp\/v2\/pages\/18\/revisions"}],"predecessor-version":[{"id":698,"href":"https:\/\/domstolarnaskonstochkultur.se\/index.php?rest_route=\/wp\/v2\/pages\/18\/revisions\/698"}],"wp:attachment":[{"href":"https:\/\/domstolarnaskonstochkultur.se\/index.php?rest_route=%2Fwp%2Fv2%2Fmedia&parent=18"}],"curies":[{"name":"wp","href":"https:\/\/api.w.org\/{rel}","templated":true}]}}