{"id":32,"date":"2015-01-13T02:13:50","date_gmt":"2015-01-13T01:13:50","guid":{"rendered":"http:\/\/domstolarnaskonstochkultur.se\/?page_id=32"},"modified":"2026-05-05T13:17:58","modified_gmt":"2026-05-05T12:17:58","slug":"program","status":"publish","type":"page","link":"https:\/\/domstolarnaskonstochkultur.se\/","title":{"rendered":"Program"},"content":{"rendered":"<h1><strong>PROGRAMMET F\u00d6R V\u00c5REN 2026\u00a0<\/strong><\/h1>\n<h2>R\u00f6hsska museets utst\u00e4llning Asplund och r\u00e5dhuset<\/h2>\n<p>F\u00f6r alla som arbetade i det gamla r\u00e5dhuset och f\u00f6r alla som inte hade m\u00f6jlighet att g\u00f6ra det \u2013 nu finns chansen att f\u00e5 en annan blick p\u00e5 Asplunds tillbyggnad. Upplev Gunnar Asplund, en av Nordens mest inflytelserika arkitekter, i en unik utst\u00e4llning om G\u00f6teborgs r\u00e5dhus p\u00e5 R\u00f6hsska museet! Asplund, som ritade tillbyggnaden av G\u00f6teborgs r\u00e5dhus, uppm\u00e4rksammas h\u00e4r genom ett urval av m\u00f6bler, textilier och delar av r\u00e5dhusets interi\u00f6r. Vi f\u00e5r en guidad tur av en museipedagog.<\/p>\n<p><strong>Tid och plats:<\/strong> 28 april 2026, kl. 16.45 p\u00e5 R\u00f6hsska mus\u00e9et<br \/><strong>Kostnad:<\/strong> 120 kr f\u00f6r guidningen betalas till f\u00f6reningen. Du f\u00e5r sj\u00e4lv l\u00f6sa intr\u00e4de till mus\u00e9et. 75 kr f\u00f6r en dagsbiljett eller om du har Museikortet ing\u00e5r intr\u00e4det i det.<br \/><strong>Anm\u00e4lan:<\/strong> Senast den 16 april 2026, se n\u00e4rmare information i mejlutskick med v\u00e5rprogrammet.<\/p>\n<h2>\u00c5rsm\u00f6tet 2026<\/h2>\n<p>V\u00e4lkomna p\u00e5 f\u00f6reningens \u00e5rsm\u00f6te den 30 mars 2026 kl. 17.30! F\u00f6reningen bjuder p\u00e5 fika. S\u00e4rskild kallelse till \u00e5rsm\u00f6tet med tid och plats m.m. skickas per mejl.<\/p>\n<p>\u00a0<\/p>\n\n\n<p>   <\/p>\n","protected":false},"excerpt":{"rendered":"<p>PROGRAMMET F\u00d6R V\u00c5REN 2026\u00a0 R\u00f6hsska museets utst\u00e4llning Asplund och r\u00e5dhuset F\u00f6r alla som arbetade i det gamla r\u00e5dhuset och f\u00f6r alla som inte hade m\u00f6jlighet att g\u00f6ra det \u2013 nu finns chansen att f\u00e5 en annan blick p\u00e5 Asplunds tillbyggnad. Upplev Gunnar Asplund, en av Nordens mest inflytelserika arkitekter, i en unik utst\u00e4llning om G\u00f6teborgs <a class=\"linkred\" href=\"https:\/\/domstolarnaskonstochkultur.se\/\">[&#8230;more]<\/a><\/p>\n","protected":false},"author":1,"featured_media":0,"parent":0,"menu_order":5,"comment_status":"closed","ping_status":"closed","template":"","meta":[],"_links":{"self":[{"href":"https:\/\/domstolarnaskonstochkultur.se\/index.php?rest_route=\/wp\/v2\/pages\/32"}],"collection":[{"href":"https:\/\/domstolarnaskonstochkultur.se\/index.php?rest_route=\/wp\/v2\/pages"}],"about":[{"href":"https:\/\/domstolarnaskonstochkultur.se\/index.php?rest_route=\/wp\/v2\/types\/page"}],"author":[{"embeddable":true,"href":"https:\/\/domstolarnaskonstochkultur.se\/index.php?rest_route=\/wp\/v2\/users\/1"}],"replies":[{"embeddable":true,"href":"https:\/\/domstolarnaskonstochkultur.se\/index.php?rest_route=%2Fwp%2Fv2%2Fcomments&post=32"}],"version-history":[{"count":46,"href":"https:\/\/domstolarnaskonstochkultur.se\/index.php?rest_route=\/wp\/v2\/pages\/32\/revisions"}],"predecessor-version":[{"id":713,"href":"https:\/\/domstolarnaskonstochkultur.se\/index.php?rest_route=\/wp\/v2\/pages\/32\/revisions\/713"}],"wp:attachment":[{"href":"https:\/\/domstolarnaskonstochkultur.se\/index.php?rest_route=%2Fwp%2Fv2%2Fmedia&parent=32"}],"curies":[{"name":"wp","href":"https:\/\/api.w.org\/{rel}","templated":true}]}}