{"id":693,"date":"2025-03-03T18:34:52","date_gmt":"2025-03-03T17:34:52","guid":{"rendered":"http:\/\/domstolarnaskonstochkultur.se\/?page_id=693"},"modified":"2026-05-05T13:17:56","modified_gmt":"2026-05-05T12:17:56","slug":"personuppgiftsbehandling","status":"publish","type":"page","link":"https:\/\/domstolarnaskonstochkultur.se\/?page_id=693","title":{"rendered":"Personuppgiftsbehandling"},"content":{"rendered":"\n<p>Domstolarnas Konst- och kulturf\u00f6rening f\u00f6ljer dataskyddsf\u00f6rordningen och Integritetsskyddsmyndighetens regler f\u00f6r behandling av medlemmarnas personuppgifter. Detta inneb\u00e4r att uppgifterna endast anv\u00e4nds f\u00f6r att skicka ut information om f\u00f6reningens verksamhet och f\u00f6r att sammanst\u00e4lla en medlemsf\u00f6rteckning inf\u00f6r den \u00e5rliga konstutlottningen. F\u00f6reningen samlar bara in de uppgifter som \u00e4r relevanta f\u00f6r dessa \u00e4ndam\u00e5l och dessa uppgifter \u00e4r namn och e-postadress. Uppgifterna l\u00e4mnas inte vidare. Medlemsuppgifter \u00e4ndras genom en anm\u00e4lan till n\u00e5gon i styrelsen och styrelsen \u00e4r personuppgiftsansvarig. Uppgifterna om namn och e-postadress f\u00f6rs in i f\u00f6reningens medlemsf\u00f6rteckning i och med att \u00e5rsavgiften betalas och tas bort om inbetalning har uteblivit tv\u00e5 \u00e5r i rad alternativt vid beg\u00e4ran om uttr\u00e4de som medlem.<\/p>\n","protected":false},"excerpt":{"rendered":"<p>Domstolarnas Konst- och kulturf\u00f6rening f\u00f6ljer dataskyddsf\u00f6rordningen och Integritetsskyddsmyndighetens regler f\u00f6r behandling av medlemmarnas personuppgifter. Detta inneb\u00e4r att uppgifterna endast anv\u00e4nds f\u00f6r att skicka ut information om f\u00f6reningens verksamhet och f\u00f6r att sammanst\u00e4lla en medlemsf\u00f6rteckning inf\u00f6r den \u00e5rliga konstutlottningen. F\u00f6reningen samlar bara in de uppgifter som \u00e4r relevanta f\u00f6r dessa \u00e4ndam\u00e5l och dessa uppgifter \u00e4r namn <a class=\"linkred\" href=\"https:\/\/domstolarnaskonstochkultur.se\/?page_id=693\">[&#8230;more]<\/a><\/p>\n","protected":false},"author":1,"featured_media":0,"parent":0,"menu_order":0,"comment_status":"closed","ping_status":"closed","template":"","meta":[],"_links":{"self":[{"href":"https:\/\/domstolarnaskonstochkultur.se\/index.php?rest_route=\/wp\/v2\/pages\/693"}],"collection":[{"href":"https:\/\/domstolarnaskonstochkultur.se\/index.php?rest_route=\/wp\/v2\/pages"}],"about":[{"href":"https:\/\/domstolarnaskonstochkultur.se\/index.php?rest_route=\/wp\/v2\/types\/page"}],"author":[{"embeddable":true,"href":"https:\/\/domstolarnaskonstochkultur.se\/index.php?rest_route=\/wp\/v2\/users\/1"}],"replies":[{"embeddable":true,"href":"https:\/\/domstolarnaskonstochkultur.se\/index.php?rest_route=%2Fwp%2Fv2%2Fcomments&post=693"}],"version-history":[{"count":1,"href":"https:\/\/domstolarnaskonstochkultur.se\/index.php?rest_route=\/wp\/v2\/pages\/693\/revisions"}],"predecessor-version":[{"id":694,"href":"https:\/\/domstolarnaskonstochkultur.se\/index.php?rest_route=\/wp\/v2\/pages\/693\/revisions\/694"}],"wp:attachment":[{"href":"https:\/\/domstolarnaskonstochkultur.se\/index.php?rest_route=%2Fwp%2Fv2%2Fmedia&parent=693"}],"curies":[{"name":"wp","href":"https:\/\/api.w.org\/{rel}","templated":true}]}}