{"id":8,"date":"2015-01-13T01:34:02","date_gmt":"2015-01-13T00:34:02","guid":{"rendered":"http:\/\/domstolarnaskonstochkultur.se\/?page_id=8"},"modified":"2026-05-05T13:17:56","modified_gmt":"2026-05-05T12:17:56","slug":"stadgar","status":"publish","type":"page","link":"https:\/\/domstolarnaskonstochkultur.se\/?page_id=8","title":{"rendered":"Stadgar"},"content":{"rendered":"<h2>Stadgar f\u00f6r Domstolarnas konst- och kulturf\u00f6rening i G\u00f6teborg<\/h2>\n<p>\u00a7 1 F\u00f6reningens firma \u00e4r Domstolarnas konst- och kulturf\u00f6rening i G\u00f6teborg.<\/p>\n<p>\u00a7 2 F\u00f6reningen, som har sitt s\u00e4te i G\u00f6teborg \u00e4r en ideell sammanslutning, vars syfte \u00e4r att v\u00e4cka och stimulera intresset f\u00f6r konst, konsthantverk och annan kultur i vid bem\u00e4rkelse genom utst\u00e4llningsverksamhet, f\u00f6redrag, studiebes\u00f6k samt utlottning av presentkort eller konstf\u00f6rem\u00e5l.<\/p>\n<p>\u00a7 3 Medlemskap i f\u00f6reningen kan efter anm\u00e4lan till f\u00f6reningens kass\u00f6r beviljas anst\u00e4llda, tidigare anst\u00e4llda och n\u00e4mndem\u00e4n vid domstolarna i G\u00f6teborg med omnejd, anst\u00e4llda och tidigare anst\u00e4llda vid \u00e5klagarmyndigheten i G\u00f6teborg med Utvecklingscentrum och \u00e5klagarkamrarna vid Ekobrottsmyndigheten samt anst\u00e4lld vid advokatbyr\u00e5 i g\u00f6teborgsomr\u00e5det.<\/p>\n<p>\u00a7 4 Medlem \u00e4ger ej del i f\u00f6reningens tillg\u00e5ngar och \u00e4r ej heller personligen ansvarig f\u00f6r n\u00e5gon dess skuld.<\/p>\n<p>\u00a7 5 F\u00f6reningens angel\u00e4genheter sk\u00f6ts av en styrelse, best\u00e5ende av l\u00e4gst sex och h\u00f6gst tio ledam\u00f6ter, som \u00e5rsm\u00f6tet v\u00e4ljer f\u00f6r ett \u00e5r i s\u00e4nder.<br \/>\nStyrelsen utser inom sig ordf\u00f6rande, vice ordf\u00f6rande, sekreterare och kass\u00f6r. Styrelsen \u00e4r beslutsf\u00f6r om minst fyra av dess ledam\u00f6ter \u00e4r n\u00e4rvarande. Vid lika r\u00f6stetal g\u00e4ller ordf\u00f6randens mening. Styrelsen uppb\u00e4r ej n\u00e5got arvode.<br \/>\nDessutom ska finnas en valberedning best\u00e5ende av tv\u00e5 ledam\u00f6ter och en suppleant. Valberedningen ska f\u00f6re \u00e5rsm\u00f6tet g\u00f6ra upp ett f\u00f6rslag till val enligt \u00a7 9 punkt 6.<\/p>\n<p>\u00a7 6 \u00d6ver medlemmarna f\u00f6rs en medlemsf\u00f6rteckning med<br \/>\nnamn och e-postadress. Uppgifterna tas bort om inbetalning har uteblivit tv\u00e5 \u00e5r i rad alternativt p\u00e5 beg\u00e4ran. I samband med utlottning uppr\u00e4ttar styrelsen en lista med lottnummer f\u00f6r varje betalande medlem.<\/p>\n<p>F\u00f6r att delta i utlottning ska medlemmen ha betalat hela medlemsavgiften f\u00f6r p\u00e5g\u00e5ende verksamhets\u00e5r senast oktober m\u00e5nad, om inte styrelsen av s\u00e4rskilda sk\u00e4l best\u00e4mmer annat.<\/p>\n<p>Medlemsavgiften fastst\u00e4lls av \u00e5rsm\u00f6tet.<\/p>\n<p>\u00a7 7 Den \u00e5rliga utlottningen av presentkort eller konstf\u00f6rem\u00e5l ska ske under november eller december m\u00e5nad varje \u00e5r. Dessutom f\u00e5r styrelsen ordna extra utlottningar i samband med \u00e5rsm\u00f6tet eller andra sammankomster.<\/p>\n<p>Vid utlottning erh\u00e5llen vinst ska vara utl\u00f6st senast 1 juni \u00e5ret efter att vinsten utfallit. Ej utl\u00f6sta vinster ska lottas ut p\u00e5 nytt vid kommande utlottning.<\/p>\n<p>\u00a7 8 Verksamhets\u00e5ret sammanfaller med kalender\u00e5ret. \u00c5rsm\u00f6tet h\u00e5lls varje \u00e5r f\u00f6re den 25 april. Sammantr\u00e4de h\u00e5lls dessutom n\u00e4r styrelsen s\u00e5 anser erforderligt eller minst en femtedel av f\u00f6reningens medlemmar skriftligen beg\u00e4r s\u00e5dant. Kallelse till \u00e5rsm\u00f6tet eller annat sammantr\u00e4de ska minst tv\u00e5 veckor i f\u00f6rv\u00e4g ske via e-post till den e-postadress som medlemmen anm\u00e4lt till f\u00f6reningen. Vid s\u00e5v\u00e4l styrelse- som andra sammantr\u00e4den f\u00f6rs protokoll. Varje medlem \u00e4ger vid r\u00f6stning en r\u00f6st. R\u00f6stning genom fullmakt \u00e4r inte till\u00e5ten.<\/p>\n<p>Det \u00e5ligger styrelsen att varje \u00e5r f\u00f6re den 15 mars till revisorerna \u00f6verl\u00e4mna verksamhetsber\u00e4ttelse och f\u00f6reningens r\u00e4kenskaper.<\/p>\n<p>\u00a7 9 Vid \u00e5rsm\u00f6te ska f\u00f6ljande \u00e4renden behandlas:<\/p>\n<p>1. Val av ordf\u00f6rande vid sammantr\u00e4det<br \/>\n2. Val av sekreterare vid sammantr\u00e4det<br \/>\n3. Val av tv\u00e5 justeringsm\u00e4n<br \/>\n4. Verksamhetsber\u00e4ttelse f\u00f6r f\u00f6reg\u00e5ende verksamhets\u00e5r<br \/>\n5. Revisionsber\u00e4ttelse samt fr\u00e5ga om ansvarsfrihet f\u00f6r styrelsen<br \/>\n6. Val f\u00f6r tiden intill n\u00e4sta \u00e5rsm\u00f6te av<\/p>\n<p style=\"padding-left: 30px;\">a) Styrelseledam\u00f6ter<br \/>\nb) Tv\u00e5 revisorer och en suppleant f\u00f6r dessa<br \/>\nc) Valberedning<\/p>\n<p>7. Fastst\u00e4llande av medlemsavgiften.<br \/>\n8. Behandling av inkomna f\u00f6rslag, vilka i skriftlig form ska vara inl\u00e4mnade till styrelsen senast sex dagar f\u00f6re \u00e5rsm\u00f6tet.<\/p>\n<p>\u00a7 10 F\u00f6reningens firma tecknas av den eller dem bland styrelsens ledam\u00f6ter som styrelsen utser. Kass\u00f6ren ska f\u00f6ra kassabok \u00f6ver inkomster och utgifter samt medlemsf\u00f6rteckning j\u00e4mte uppgift om betald<br \/>\nmedlemsavgift.<\/p>\n<p>\u00a7 11 Revisorerna \u00e5ligger bland annat att granska styrelsens verksamhet och f\u00f6reningens r\u00e4kenskaper, avge revisionsber\u00e4ttelse till \u00e5rsm\u00f6tet och att kontrollera den \u00e5rliga utlottningen.<\/p>\n<p>\u00a7 12 Beslut om \u00e4ndring av dessa stadgar eller f\u00f6reningens uppl\u00f6sning fattas av tv\u00e5 p\u00e5 varandra f\u00f6ljande medlemsm\u00f6ten, d\u00e4rav ett \u00e5rsm\u00f6te. Stadge\u00e4ndring och f\u00f6rslag om f\u00f6reningens uppl\u00f6sning ska bitr\u00e4das av minst 2\/3 majoritet av n\u00e4rvarande medlemmar.<br \/>\nVid f\u00f6reningens uppl\u00f6sande ska f\u00f6reningens kassa\u00f6verskott och \u00f6vriga tillg\u00e5ngar \u00f6verl\u00e4mnas till konstn\u00e4rer eller konstn\u00e4rsorganisation som utses p\u00e5 det sista sammantr\u00e4det.<\/p>\n","protected":false},"excerpt":{"rendered":"<p>Stadgar f\u00f6r Domstolarnas konst- och kulturf\u00f6rening i G\u00f6teborg \u00a7 1 F\u00f6reningens firma \u00e4r Domstolarnas konst- och kulturf\u00f6rening i G\u00f6teborg. \u00a7 2 F\u00f6reningen, som har sitt s\u00e4te i G\u00f6teborg \u00e4r en ideell sammanslutning, vars syfte \u00e4r att v\u00e4cka och stimulera intresset f\u00f6r konst, konsthantverk och annan kultur i vid bem\u00e4rkelse genom utst\u00e4llningsverksamhet, f\u00f6redrag, studiebes\u00f6k samt utlottning <a class=\"linkred\" href=\"https:\/\/domstolarnaskonstochkultur.se\/?page_id=8\">[&#8230;more]<\/a><\/p>\n","protected":false},"author":1,"featured_media":0,"parent":0,"menu_order":1,"comment_status":"closed","ping_status":"closed","template":"","meta":[],"_links":{"self":[{"href":"https:\/\/domstolarnaskonstochkultur.se\/index.php?rest_route=\/wp\/v2\/pages\/8"}],"collection":[{"href":"https:\/\/domstolarnaskonstochkultur.se\/index.php?rest_route=\/wp\/v2\/pages"}],"about":[{"href":"https:\/\/domstolarnaskonstochkultur.se\/index.php?rest_route=\/wp\/v2\/types\/page"}],"author":[{"embeddable":true,"href":"https:\/\/domstolarnaskonstochkultur.se\/index.php?rest_route=\/wp\/v2\/users\/1"}],"replies":[{"embeddable":true,"href":"https:\/\/domstolarnaskonstochkultur.se\/index.php?rest_route=%2Fwp%2Fv2%2Fcomments&post=8"}],"version-history":[{"count":16,"href":"https:\/\/domstolarnaskonstochkultur.se\/index.php?rest_route=\/wp\/v2\/pages\/8\/revisions"}],"predecessor-version":[{"id":706,"href":"https:\/\/domstolarnaskonstochkultur.se\/index.php?rest_route=\/wp\/v2\/pages\/8\/revisions\/706"}],"wp:attachment":[{"href":"https:\/\/domstolarnaskonstochkultur.se\/index.php?rest_route=%2Fwp%2Fv2%2Fmedia&parent=8"}],"curies":[{"name":"wp","href":"https:\/\/api.w.org\/{rel}","templated":true}]}}